{"id":37,"date":"2023-07-17T19:38:38","date_gmt":"2023-07-17T17:38:38","guid":{"rendered":"http:\/\/192.168.0.103:37270\/?page_id=37"},"modified":"2023-07-17T19:38:38","modified_gmt":"2023-07-17T17:38:38","slug":"la-professeure","status":"publish","type":"page","link":"https:\/\/judoclublarcayveretz.fr\/index.php\/le-club\/la-professeure\/","title":{"rendered":"La Professeure"},"content":{"rendered":"\n<p>Il \u00e9tait une fois une petite fille timide, introvertie incapable de demander l\u2019heure \u00e0 une personne dans la rue.<\/p>\n\n\n\n<p>Mon p\u00e8re a d\u00e9cid\u00e9 de m\u2019inscrire au judo pour apprendre \u00e0 me d\u00e9fendre. J\u2019avais 7 ans. Je me revois entrer dans la salle, un dojo en Bretagne. Je me souviens de l\u2019odeur des judogis, et de ma premi\u00e8re r\u00e9flexion : il n\u2019y a pas de filles\u00a0!<\/p>\n\n\n\n<p>Mais j\u2019ai ador\u00e9\u00a0! <\/p>\n\n\n\n<p>J\u2019avais 2 profs : un pour le sol (Lo\u00efc) et un pour la partie debout (un monsieur d\u2019origine japonaise tr\u00e8s s\u00e9v\u00e8re). Un jour, mon prof pr\u00e9f\u00e9r\u00e9 Lo\u00efc d\u00e9cide de partir. Pour moi si mon prof arr\u00eate, j\u2019arr\u00eatais aussi. J\u2019ai arr\u00eat\u00e9 3 mois. <\/p>\n\n\n\n<p>Un jour mon prof Lo\u00efc a frapp\u00e9 \u00e0 la porte. Il a dit \u00e0 mes parents qu\u2019il fallait que je revienne et qu\u2019il avait trouv\u00e9 pour moi un bon prof. Alors j\u2019ai repris gr\u00e2ce \u00e0 lui au PLL \u00e0 LORIENT avec Jean Jacques.<\/p>\n\n\n\n<p>J\u2019ai pass\u00e9 tous mes grades avec lui jusqu\u2019\u00e0 la ceinture marron, puis le destin s\u2019en est m\u00eal\u00e9. Je faisais un stage de haut niveau en Bretagne, la personne qui faisait le stage faisait partie de l\u2019\u00e9quipe de France et avait \u00e9t\u00e9 championne d\u2019EUROPE. Cette personne est devenue mon mari pendant 20 ans.<\/p>\n\n\n\n<p>Et ma vie a bascul : je suis arriv\u00e9e en TOURAINE en 1984. D\u00e9sol\u00e9e, je ne connaissais pas et je ne connaissais personne&#8230; Le judo a \u00e9t\u00e9 ma famille pendant longtemps !<\/p>\n\n\n\n<p>J\u2019ai \u00e9t\u00e9 form\u00e9e par les meilleurs. Tous mes grades je les ai obtenu du 1er coup jusqu\u2019au 5\u00e8me DAN. J\u2019ai fait des stages Nationaux \u00e0 Boulouris l\u2019\u00e9t\u00e9 pendant les vacances scolaires. J\u2019avais une soif d\u2019apprendre aupr\u00e8s des meilleurs, comme Florence BAILLY et Laurent THOMAS qui m\u2019ont form\u00e9 \u00e0 la self d\u00e9fense, tous deux ont \u00e9t\u00e9 Champions du Monde.<\/p>\n\n\n\n<p>Puis j\u2019ai pass\u00e9 mon dipl\u00f4me d\u2019\u00e9ducatrice sportive, brevet d\u2019\u00e9tat en judo jujitsu taiso. J\u2019enseigne sur 2 clubs Fondettes et Lar\u00e7ay &#8211; Veretz, un club que j\u2019ai cr\u00e9e en 1987 et dont je suis fi\u00e8re.<\/p>\n\n\n\n<p>Rien ne me pr\u00e9destinait \u00e0 ce m\u00e9tier : j\u2019ai un dipl\u00f4me d\u2019esth\u00e9tique cosm\u00e9tique \u00e0 la base ! <\/p>\n\n\n\n<p>J\u2019aime mon m\u00e9tier, j\u2019aime transmettre mes connaissances : c\u2019est mon but ! Je veux que cela se passe dans le respect des r\u00e8gles du judo, j\u2019aime transmettre dans la joie et la bonne humeur. Je ne me f\u00e2che jamais : j\u2019ai la chance d\u2019avoir une autorit\u00e9 naturelle et d\u2019\u00eatre de nature optimiste.<\/p>\n\n\n\n<p>Cela fait 35 ans que je donne des cours. J\u2019ai eu la chance d\u2019amener une \u00e9quipe de cadets aux Frances qui ont fait 3\u00e8me. J\u2019ai form\u00e9 beaucoup de judokas : certains sont devenus ceintures noires, ont fait du haut niveau, sont all\u00e9s en classe Corneille sport \u00e9tude, 2 sont devenus professeurs sur des clubs du d\u00e9partements (dont mon fils ain\u00e9).<br>J\u2019enseigne la technique, l\u2019arbitrage, les katas, je suis juge inter-r\u00e9gion pour le passage de la ceinture noires du 1er dan \u00e0 la 4eme Dan. Je suis arbitre d\u00e9partemental.<\/p>\n\n\n\n<p>La f\u00e9d\u00e9ration FRANCAISE de judo a reconnu mes comp\u00e9tences en me d\u00e9livrant une palme d\u2019or en 2018, une palme d\u2019argent en 2004, et une palme de bronze en 1998.<\/p>\n\n\n\n<p>Mon dernier dipl\u00f4me est le dipl\u00f4me f\u00e9d\u00e9ral sport sant\u00e9 pour les maladies chroniques.<\/p>\n\n\n\n<p>Le judo est une \u00e9cole de vie, il a chang\u00e9 la mienne.<br><\/p>\n\n\n\n<p>Kiki<\/p>\n","protected":false},"excerpt":{"rendered":"<p>Il \u00e9tait une fois une petite fille timide, introvertie incapable de demander l\u2019heure \u00e0 une personne dans la rue. Mon p\u00e8re a d\u00e9cid\u00e9 de m\u2019inscrire au judo pour apprendre \u00e0 me d\u00e9fendre. J\u2019avais 7 ans. Je me revois entrer dans la salle, un dojo en Bretagne. Je me souviens de l\u2019odeur des judogis, et de [&hellip;]<\/p>\n","protected":false},"author":1,"featured_media":0,"parent":35,"menu_order":1,"comment_status":"closed","ping_status":"closed","template":"","meta":{"footnotes":""},"class_list":["post-37","page","type-page","status-publish","hentry"],"_links":{"self":[{"href":"https:\/\/judoclublarcayveretz.fr\/index.php\/wp-json\/wp\/v2\/pages\/37","targetHints":{"allow":["GET"]}}],"collection":[{"href":"https:\/\/judoclublarcayveretz.fr\/index.php\/wp-json\/wp\/v2\/pages"}],"about":[{"href":"https:\/\/judoclublarcayveretz.fr\/index.php\/wp-json\/wp\/v2\/types\/page"}],"author":[{"embeddable":true,"href":"https:\/\/judoclublarcayveretz.fr\/index.php\/wp-json\/wp\/v2\/users\/1"}],"replies":[{"embeddable":true,"href":"https:\/\/judoclublarcayveretz.fr\/index.php\/wp-json\/wp\/v2\/comments?post=37"}],"version-history":[{"count":0,"href":"https:\/\/judoclublarcayveretz.fr\/index.php\/wp-json\/wp\/v2\/pages\/37\/revisions"}],"up":[{"embeddable":true,"href":"https:\/\/judoclublarcayveretz.fr\/index.php\/wp-json\/wp\/v2\/pages\/35"}],"wp:attachment":[{"href":"https:\/\/judoclublarcayveretz.fr\/index.php\/wp-json\/wp\/v2\/media?parent=37"}],"curies":[{"name":"wp","href":"https:\/\/api.w.org\/{rel}","templated":true}]}}