{"id":32,"date":"2023-07-16T20:08:32","date_gmt":"2023-07-16T18:08:32","guid":{"rendered":"http:\/\/192.168.0.103:37270\/?page_id=32"},"modified":"2023-09-22T08:41:27","modified_gmt":"2023-09-22T06:41:27","slug":"inscription","status":"publish","type":"page","link":"https:\/\/judoclublarcayveretz.fr\/index.php\/inscription\/","title":{"rendered":"Inscription"},"content":{"rendered":"\n<p>Vous pouvez t\u00e9l\u00e9charger ci-dessous les trois fichiers \u00e0 remettre sign\u00e9s au club pour votre inscription :<\/p>\n\n\n\n<div class=\"wp-block-file\"><a id=\"wp-block-file--media-d8b16947-461e-4549-9d5b-9a01368eb5de\" href=\"http:\/\/judoclublarcayveretz.fr\/wp-content\/uploads\/2023\/09\/Bulletin-Adhesion-2023-2024.pdf\">Bulletin-Adhesion-2023-2024<\/a><a href=\"http:\/\/judoclublarcayveretz.fr\/wp-content\/uploads\/2023\/09\/Bulletin-Adhesion-2023-2024.pdf\" class=\"wp-block-file__button wp-element-button\" download aria-describedby=\"wp-block-file--media-d8b16947-461e-4549-9d5b-9a01368eb5de\">T\u00e9l\u00e9charger<\/a><\/div>\n\n\n\n<div class=\"wp-block-file\"><a id=\"wp-block-file--media-770a178b-78c3-4031-8543-f2a3b29857b9\" href=\"http:\/\/judoclublarcayveretz.fr\/wp-content\/uploads\/2023\/09\/cerfa_15699-01-Questionnaire-SANTE.pdf\">cerfa_15699-01-Questionnaire-SANTE<\/a><a href=\"http:\/\/judoclublarcayveretz.fr\/wp-content\/uploads\/2023\/09\/cerfa_15699-01-Questionnaire-SANTE.pdf\" class=\"wp-block-file__button wp-element-button\" download aria-describedby=\"wp-block-file--media-770a178b-78c3-4031-8543-f2a3b29857b9\">T\u00e9l\u00e9charger<\/a><\/div>\n\n\n\n<div class=\"wp-block-file\"><a id=\"wp-block-file--media-ad5b976f-8095-4806-b56c-cef722d0d610\" href=\"http:\/\/judoclublarcayveretz.fr\/wp-content\/uploads\/2023\/09\/Reglement-interieur-JCLV-saison-2023_2024.pdf\">Reglement-interieur-JCLV-saison-2023_2024<\/a><a href=\"http:\/\/judoclublarcayveretz.fr\/wp-content\/uploads\/2023\/09\/Reglement-interieur-JCLV-saison-2023_2024.pdf\" class=\"wp-block-file__button wp-element-button\" download aria-describedby=\"wp-block-file--media-ad5b976f-8095-4806-b56c-cef722d0d610\">T\u00e9l\u00e9charger<\/a><\/div>\n","protected":false},"excerpt":{"rendered":"<p>Vous pouvez t\u00e9l\u00e9charger ci-dessous les trois fichiers \u00e0 remettre sign\u00e9s au club pour votre inscription :<\/p>\n","protected":false},"author":1,"featured_media":0,"parent":0,"menu_order":4,"comment_status":"closed","ping_status":"closed","template":"","meta":{"footnotes":""},"class_list":["post-32","page","type-page","status-publish","hentry"],"_links":{"self":[{"href":"https:\/\/judoclublarcayveretz.fr\/index.php\/wp-json\/wp\/v2\/pages\/32","targetHints":{"allow":["GET"]}}],"collection":[{"href":"https:\/\/judoclublarcayveretz.fr\/index.php\/wp-json\/wp\/v2\/pages"}],"about":[{"href":"https:\/\/judoclublarcayveretz.fr\/index.php\/wp-json\/wp\/v2\/types\/page"}],"author":[{"embeddable":true,"href":"https:\/\/judoclublarcayveretz.fr\/index.php\/wp-json\/wp\/v2\/users\/1"}],"replies":[{"embeddable":true,"href":"https:\/\/judoclublarcayveretz.fr\/index.php\/wp-json\/wp\/v2\/comments?post=32"}],"version-history":[{"count":1,"href":"https:\/\/judoclublarcayveretz.fr\/index.php\/wp-json\/wp\/v2\/pages\/32\/revisions"}],"predecessor-version":[{"id":155,"href":"https:\/\/judoclublarcayveretz.fr\/index.php\/wp-json\/wp\/v2\/pages\/32\/revisions\/155"}],"wp:attachment":[{"href":"https:\/\/judoclublarcayveretz.fr\/index.php\/wp-json\/wp\/v2\/media?parent=32"}],"curies":[{"name":"wp","href":"https:\/\/api.w.org\/{rel}","templated":true}]}}