{"id":21,"date":"2023-07-16T19:54:10","date_gmt":"2023-07-16T17:54:10","guid":{"rendered":"http:\/\/192.168.0.103:37270\/?page_id=21"},"modified":"2023-07-16T19:54:10","modified_gmt":"2023-07-16T17:54:10","slug":"judo","status":"publish","type":"page","link":"https:\/\/judoclublarcayveretz.fr\/index.php\/les-cours\/judo\/","title":{"rendered":"Judo"},"content":{"rendered":"\n<p>Cr\u00e9\u00e9 en 1882 par Jigor\u014d Kan\u014d, le judo (\u00ab\u00a0Voie de la souplesse\u00a0\u00bb en japonais) est un art martial non violent con\u00e7u pour \u00eatre un syst\u00e8me \u00e9ducatif \u00e0 la fois physique et moral, afin d&rsquo;aider la jeunesse \u00e0 acqu\u00e9rir les valeurs port\u00e9es par les arts martiaux.<\/p>\n\n\n\n<p>L&rsquo;objectif d&rsquo;un match de judo est d&rsquo;amener l&rsquo;adversaire au sol, puis de l&rsquo;immobiliser ou de le forcer \u00e0 s&rsquo;avouer vaincu.<\/p>\n\n\n\n<p>Les judokas pratiquent leur sport au sein d&rsquo;un dojo, v\u00eatus de kimono, et s&rsquo;affrontant sur des tatamis.<\/p>\n\n\n\n<p>Ils doivent respecter le code moral du Judo :<\/p>\n\n\n\n<ul class=\"wp-block-list\">\n<li>La politesse, c&rsquo;est le respect d&rsquo;autrui.<\/li>\n\n\n\n<li>Le courage, c&rsquo;est faire ce qui est juste.<\/li>\n\n\n\n<li>La sinc\u00e9rit\u00e9, c&rsquo;est s&rsquo;exprimer sans d\u00e9guiser sa pens\u00e9e.<\/li>\n\n\n\n<li>L&rsquo;honneur, c&rsquo;est \u00eatre fid\u00e8le \u00e0 la parole donn\u00e9e.<\/li>\n\n\n\n<li>La modestie, c&rsquo;est parler de soi-m\u00eame sans orgueil.<\/li>\n\n\n\n<li>Le respect, car sans respect aucune confiance ne peut na\u00eetre.<\/li>\n\n\n\n<li>Le contr\u00f4le de soi, c&rsquo;est savoir se taire lorsque monte sa col\u00e8re.<\/li>\n\n\n\n<li>L&rsquo;amiti\u00e9, c&rsquo;est le plus pur et le plus fort des sentiments humains.<\/li>\n<\/ul>\n","protected":false},"excerpt":{"rendered":"<p>Cr\u00e9\u00e9 en 1882 par Jigor\u014d Kan\u014d, le judo (\u00ab\u00a0Voie de la souplesse\u00a0\u00bb en japonais) est un art martial non violent con\u00e7u pour \u00eatre un syst\u00e8me \u00e9ducatif \u00e0 la fois physique et moral, afin d&rsquo;aider la jeunesse \u00e0 acqu\u00e9rir les valeurs port\u00e9es par les arts martiaux. L&rsquo;objectif d&rsquo;un match de judo est d&rsquo;amener l&rsquo;adversaire au sol, [&hellip;]<\/p>\n","protected":false},"author":1,"featured_media":0,"parent":17,"menu_order":2,"comment_status":"closed","ping_status":"closed","template":"","meta":{"footnotes":""},"class_list":["post-21","page","type-page","status-publish","hentry"],"_links":{"self":[{"href":"https:\/\/judoclublarcayveretz.fr\/index.php\/wp-json\/wp\/v2\/pages\/21","targetHints":{"allow":["GET"]}}],"collection":[{"href":"https:\/\/judoclublarcayveretz.fr\/index.php\/wp-json\/wp\/v2\/pages"}],"about":[{"href":"https:\/\/judoclublarcayveretz.fr\/index.php\/wp-json\/wp\/v2\/types\/page"}],"author":[{"embeddable":true,"href":"https:\/\/judoclublarcayveretz.fr\/index.php\/wp-json\/wp\/v2\/users\/1"}],"replies":[{"embeddable":true,"href":"https:\/\/judoclublarcayveretz.fr\/index.php\/wp-json\/wp\/v2\/comments?post=21"}],"version-history":[{"count":0,"href":"https:\/\/judoclublarcayveretz.fr\/index.php\/wp-json\/wp\/v2\/pages\/21\/revisions"}],"up":[{"embeddable":true,"href":"https:\/\/judoclublarcayveretz.fr\/index.php\/wp-json\/wp\/v2\/pages\/17"}],"wp:attachment":[{"href":"https:\/\/judoclublarcayveretz.fr\/index.php\/wp-json\/wp\/v2\/media?parent=21"}],"curies":[{"name":"wp","href":"https:\/\/api.w.org\/{rel}","templated":true}]}}