{"id":11,"date":"2023-07-16T19:45:24","date_gmt":"2023-07-16T17:45:24","guid":{"rendered":"http:\/\/192.168.0.103:37270\/?page_id=11"},"modified":"2023-07-16T19:45:24","modified_gmt":"2023-07-16T17:45:24","slug":"actualites","status":"publish","type":"page","link":"https:\/\/judoclublarcayveretz.fr\/index.php\/actualites\/","title":{"rendered":"Actualit\u00e9s"},"content":{"rendered":"\n<div class=\"wp-block-query is-layout-flow wp-block-query-is-layout-flow\"><ul class=\"wp-block-post-template is-layout-flow wp-block-post-template-is-layout-flow\"><li class=\"wp-block-post post-141 post type-post status-publish format-standard hentry category-non-classe\">\n<h2 class=\"wp-block-post-title\"><a href=\"https:\/\/judoclublarcayveretz.fr\/index.php\/2023\/09\/05\/fin-de-saison-2023\/\" target=\"_self\" >Fin de saison 2023<\/a><\/h2>\n\n\n\n<div class=\"wp-block-post-excerpt\"><p class=\"wp-block-post-excerpt__excerpt\">Un grand merci pour cette ann\u00e9e 2023, et nous vous disons \u00e0 l&rsquo;ann\u00e9e prochaine ! <\/p><\/div>\n\n\n<hr class=\"wp-block-separator has-css-opacity\"\/>\n\n\n<div class=\"wp-block-post-date\"><time datetime=\"2023-09-05T18:47:44+02:00\">5 septembre 2023<\/time><\/div>\n<\/li><\/ul><\/div>\n","protected":false},"excerpt":{"rendered":"","protected":false},"author":1,"featured_media":0,"parent":0,"menu_order":3,"comment_status":"closed","ping_status":"closed","template":"","meta":{"footnotes":""},"class_list":["post-11","page","type-page","status-publish","hentry"],"_links":{"self":[{"href":"https:\/\/judoclublarcayveretz.fr\/index.php\/wp-json\/wp\/v2\/pages\/11","targetHints":{"allow":["GET"]}}],"collection":[{"href":"https:\/\/judoclublarcayveretz.fr\/index.php\/wp-json\/wp\/v2\/pages"}],"about":[{"href":"https:\/\/judoclublarcayveretz.fr\/index.php\/wp-json\/wp\/v2\/types\/page"}],"author":[{"embeddable":true,"href":"https:\/\/judoclublarcayveretz.fr\/index.php\/wp-json\/wp\/v2\/users\/1"}],"replies":[{"embeddable":true,"href":"https:\/\/judoclublarcayveretz.fr\/index.php\/wp-json\/wp\/v2\/comments?post=11"}],"version-history":[{"count":0,"href":"https:\/\/judoclublarcayveretz.fr\/index.php\/wp-json\/wp\/v2\/pages\/11\/revisions"}],"wp:attachment":[{"href":"https:\/\/judoclublarcayveretz.fr\/index.php\/wp-json\/wp\/v2\/media?parent=11"}],"curies":[{"name":"wp","href":"https:\/\/api.w.org\/{rel}","templated":true}]}}